{"id":3650,"date":"2025-11-12T17:52:17","date_gmt":"2025-11-12T17:52:17","guid":{"rendered":"https:\/\/perrytaylor.eu\/?post_type=product&#038;p=3650"},"modified":"2025-12-20T07:49:05","modified_gmt":"2025-12-20T07:49:05","slug":"le-selfie-gascon-book","status":"publish","type":"product","link":"https:\/\/perrytaylor.eu\/fr\/product\/le-selfie-gascon-book\/","title":{"rendered":"Le bonheur est dans le nez &#8211; cartes de voeux"},"content":{"rendered":"<p>The Gascon landscape like a quilt on a bed. Pillows for the Pyrenees. Sleep tight, mes amis.<\/p>\n","protected":false},"excerpt":{"rendered":"<p>Continuant sur le succ\u00e8s des ses livres Petites Gasconneries (2014) et Bons Moments (2016),\u00a0le troisi\u00e8me tome de Perry intitul\u00e9 \u2018Le Selfie Gascon\u2019 est sorti en juin 2018.\u00a0Ce livre est sur la m\u00eame lign\u00e9e que les pr\u00e9c\u00e9dents; plein de d\u00e9licieux dessins humoristiques sur toutes les tranches de vie dans le Sud-Ouest.<\/p>\n","protected":false},"featured_media":3676,"template":"","meta":[],"product_brand":[],"product_cat":[19,1623],"product_tag":[2780,4625,4627,5173,5175,4629,4630,4628,5177,4626,5172,5174,5171,5046,5176],"class_list":{"0":"post-3650","1":"product","2":"type-product","3":"status-publish","4":"has-post-thumbnail","6":"product_cat-livres","7":"product_cat-accueil","8":"product_tag-best-sellers","9":"product_tag-book","10":"product_tag-gascon-book","11":"product_tag-le-selfie-gascon-book","12":"product_tag-le-selfie-gascon","13":"product_tag-livre-perry","14":"product_tag-livre","15":"product_tag-new-book","16":"product_tag-perry-taylor-third-book","17":"product_tag-perrys-book","18":"product_tag-perrys-third-book","19":"product_tag-selfie-gascon-book","20":"product_tag-selfie-gascon","21":"product_tag-selfie","22":"product_tag-third-book","24":"first","25":"instock","26":"taxable","27":"shipping-taxable","28":"purchasable","29":"product-type-simple"},"_links":{"self":[{"href":"https:\/\/perrytaylor.eu\/fr\/wp-json\/wp\/v2\/product\/3650","targetHints":{"allow":["GET"]}}],"collection":[{"href":"https:\/\/perrytaylor.eu\/fr\/wp-json\/wp\/v2\/product"}],"about":[{"href":"https:\/\/perrytaylor.eu\/fr\/wp-json\/wp\/v2\/types\/product"}],"wp:featuredmedia":[{"embeddable":true,"href":"https:\/\/perrytaylor.eu\/fr\/wp-json\/wp\/v2\/media\/3676"}],"wp:attachment":[{"href":"https:\/\/perrytaylor.eu\/fr\/wp-json\/wp\/v2\/media?parent=3650"}],"wp:term":[{"taxonomy":"product_brand","embeddable":true,"href":"https:\/\/perrytaylor.eu\/fr\/wp-json\/wp\/v2\/product_brand?post=3650"},{"taxonomy":"product_cat","embeddable":true,"href":"https:\/\/perrytaylor.eu\/fr\/wp-json\/wp\/v2\/product_cat?post=3650"},{"taxonomy":"product_tag","embeddable":true,"href":"https:\/\/perrytaylor.eu\/fr\/wp-json\/wp\/v2\/product_tag?post=3650"}],"curies":[{"name":"wp","href":"https:\/\/api.w.org\/{rel}","templated":true}]}}