{"id":3,"date":"2025-11-11T13:43:35","date_gmt":"2025-11-11T13:43:35","guid":{"rendered":"https:\/\/perrytaylor.fr\/?page_id=3"},"modified":"2026-04-17T06:06:23","modified_gmt":"2026-04-17T06:06:23","slug":"privacy-policy","status":"publish","type":"page","link":"https:\/\/perrytaylor.eu\/fr\/privacy-policy\/","title":{"rendered":"Politique de confidentialit\u00e9"},"content":{"rendered":"<h2>Notre politique de confidentialit\u00e9<\/h2>\n<p>Le nouveau r\u00e8glement g\u00e9n\u00e9ral sur la protection des donn\u00e9es (PIBR) r\u00e8gles applicables \u00e0 partir du 25 mai 2018. Les informations suivantes expliquent comment Perry Art Taylor se conforme \u00e0 cette nouvelle l\u00e9gislation. Si vous avez soumis votre adresse e-mail (en envoyant un courriel \u00e0 moi, joignant \u00e0 mon stand ou expositions, ou en vous inscrivant en ligne \u00e0 notre newsletter) vous devriez lire ceci pour rassurer que nous nous occupons de vos donn\u00e9es extr\u00eamement responsable. Perry Taylor les valeurs de l&rsquo;art la s\u00e9curit\u00e9 de vos informations et ne sera jamais intentionnellement violent les r\u00e8gles. Nous ferons tout notre possible pour garder vos donn\u00e9es en toute s\u00e9curit\u00e9.<\/p>\n<p><strong>Les informations nous conservons<\/strong><br \/>\nles adresses email des personnes qui ont envoy\u00e9 un Perry@perrytaylor.fr, ou via notre formulaire de contact &#8211; sont automatiquement enregistr\u00e9es dans notre base de donn\u00e9es et Mailchimp newsletter compte, qui r\u00e9pond aux normes en mati\u00e8re de conformit\u00e9. PIBR<\/p>\n<p>Les adresses e-mail, nom et pr\u00e9nom, votre num\u00e9ro de t\u00e9l\u00e9phone (facultatif), l&rsquo;adresse postale (facultatif) de personnes qui ont achet\u00e9 quelque chose \u00e0 partir de notre site web. Perry Taylor l&rsquo;Art n&rsquo;a pas partager cette information avec n&rsquo;importe qui. Jamais.<\/p>\n<p>Les commandes sont trait\u00e9es par Prestashop qui est bien prot\u00e9g\u00e9 par un mot de passe. (Prestashop est un site e-commerce plate-forme). Les paiements sont effectu\u00e9s par carte de cr\u00e9dit LCL Sherlock software, Paypal et ch\u00e8que. Perry Taylor l&rsquo;Art n&rsquo;a pas acc\u00e8s aux informations de paiement des clients.<\/p>\n<p>Nous avons acc\u00e8s \u00e0 des bases de followers sur Twitter, Facebook et Instagram. Nous ne sommes pas le responsable du traitement de ces bases de donn\u00e9es &#8211; nous utilisons l&rsquo;authentification par mot de passe fort sur ces sites.<\/p>\n<p><strong>La communication de l&rsquo;Information Confidentialit\u00e9<\/strong><br \/>\nPerry Taylor Art a pris les mesures suivantes\u00a0:<br \/>\n\u2022 Nous avons ajout\u00e9 ce document sur notre site avec un lien sur le bas de chaque page de notre site web, www.perrytaylor.fr.<br \/>\n\u2022 Un lien \u00e0 notre Politique de confidentialit\u00e9 est inclus sur tous les bulletins d&#8217;email.<br \/>\n\u2022 Avant la fin du mois de mai 2018, nous prendrons contact avec notre base de donn\u00e9es clients, les informer de tout changement, et rappelez-leur qu&rsquo;ils peuvent se d\u00e9sabonner en tout temps et leurs donn\u00e9es seront supprim\u00e9es. Un lien de d\u00e9sinscription sera sur tous les bulletins d&#8217;email.<\/p>\n<p><strong>Les droits des particuliers<\/strong><br \/>\nsur demande, Perry Taylor Art va supprimer les donn\u00e9es.<br \/>\nSi un abonn\u00e9 souhaite voir leurs donn\u00e9es, Perry Taylor Art vous envoyer un screenshot de l&rsquo;information recueillie.<br \/>\nSi une personne se d\u00e9sabonne, leurs donn\u00e9es seront supprim\u00e9es sur une base mensuelle.<\/p>\n<p><strong>L&rsquo;objet des demandes d&rsquo;acc\u00e8s<\/strong><br \/>\nPerry Taylor Art r\u00e9pond g\u00e9n\u00e9ralement dans les 24 heures du lundi au vendredi, au sein de l&rsquo;entreprise heures de 9am &#8211; 5:30pm EST. Les demandes re\u00e7ues apr\u00e8s 5:30pm EST et le week-end, recevez une r\u00e9ponse le jour ouvrable suivant.<\/p>\n<p><strong>Base l\u00e9gale pour le traitement des donn\u00e9es<\/strong><br \/>\nsi les gens ont choisi d&rsquo;adh\u00e9rer \u00e0 notre liste de diffusion (par abonnement), ils ont choisi de participer activement, avec la connaissance et l&rsquo;attente qu&rsquo;ils re\u00e7oivent des courriels occasionnels.<br \/>\nSi les gens ont achet\u00e9 quelque chose \u00e0 partir de notre site, leur nom et pr\u00e9nom, adresse \u00e9lectronique et adresse de livraison\/facturation sont n\u00e9cessaires. L&rsquo;information requise est utilis\u00e9 pour communiquer au sujet de leur achat de produits et de livrer leur achat.<\/p>\n<p><strong>Consentement<\/strong><br \/>\nUne fois que quelqu&rsquo;un a re\u00e7u un rappel de Perry Taylor Modalit\u00e9s et conditions de l&rsquo;Art, nous la consid\u00e9rons comme consentement jusqu&rsquo;\u00e0 un client demande \u00e0 leurs donn\u00e9es soient supprim\u00e9es.<br \/>\nNous reconnaissons que le consentement n&rsquo;est pas illimit\u00e9, et rappellera aux abonn\u00e9s sur chaque email, qu&rsquo;ils peuvent se d\u00e9sabonner et ont leurs donn\u00e9es supprim\u00e9es \u00e0 tout moment.<\/p>\n<p><strong>Les violations de donn\u00e9es<\/strong><br \/>\nPerry Art Taylor fait tout en son pouvoir par l&rsquo;utilisation de la protection par mot de passe s\u00e9curis\u00e9 et fiable, s\u00e9curis\u00e9, et l&rsquo;ex\u00e9cution des programmes. Si une violation de l&rsquo;un de ces programmes de services se produisent, nous allons prendre des mesures imm\u00e9diates pour respecter les recommandations du protocole.<\/p>\n","protected":false},"excerpt":{"rendered":"<p>Notre politique de confidentialit\u00e9 Le nouveau r\u00e8glement g\u00e9n\u00e9ral sur la protection des donn\u00e9es (PIBR) r\u00e8gles applicables \u00e0 partir du 25&hellip;<\/p>\n","protected":false},"author":1,"featured_media":0,"parent":0,"menu_order":0,"comment_status":"closed","ping_status":"closed","template":"","meta":{"footnotes":""},"class_list":["post-3","page","type-page","status-publish","hentry"],"_links":{"self":[{"href":"https:\/\/perrytaylor.eu\/fr\/wp-json\/wp\/v2\/pages\/3","targetHints":{"allow":["GET"]}}],"collection":[{"href":"https:\/\/perrytaylor.eu\/fr\/wp-json\/wp\/v2\/pages"}],"about":[{"href":"https:\/\/perrytaylor.eu\/fr\/wp-json\/wp\/v2\/types\/page"}],"author":[{"embeddable":true,"href":"https:\/\/perrytaylor.eu\/fr\/wp-json\/wp\/v2\/users\/1"}],"replies":[{"embeddable":true,"href":"https:\/\/perrytaylor.eu\/fr\/wp-json\/wp\/v2\/comments?post=3"}],"version-history":[{"count":2,"href":"https:\/\/perrytaylor.eu\/fr\/wp-json\/wp\/v2\/pages\/3\/revisions"}],"predecessor-version":[{"id":18097,"href":"https:\/\/perrytaylor.eu\/fr\/wp-json\/wp\/v2\/pages\/3\/revisions\/18097"}],"wp:attachment":[{"href":"https:\/\/perrytaylor.eu\/fr\/wp-json\/wp\/v2\/media?parent=3"}],"curies":[{"name":"wp","href":"https:\/\/api.w.org\/{rel}","templated":true}]}}